{"id":405,"date":"2025-06-20T13:44:34","date_gmt":"2025-06-20T13:44:34","guid":{"rendered":"https:\/\/polomarket-poradynazdrowie.pl\/?page_id=405"},"modified":"2025-06-24T09:45:14","modified_gmt":"2025-06-24T09:45:14","slug":"regulamin","status":"publish","type":"page","link":"https:\/\/polomarket-poradynazdrowie.pl\/index.php\/regulamin\/","title":{"rendered":"Regulamin"},"content":{"rendered":"\t\t<div data-elementor-type=\"wp-page\" data-elementor-id=\"405\" class=\"elementor elementor-405\">\n\t\t\t\t<div class=\"elementor-element elementor-element-52da9dfe e-con-full e-flex e-con e-parent\" data-id=\"52da9dfe\" data-element_type=\"container\" data-e-type=\"container\">\n\t\t\t\t<div class=\"elementor-element elementor-element-1cfb1d14 elementor-widget__width-initial elementor-widget elementor-widget-text-editor\" data-id=\"1cfb1d14\" data-element_type=\"widget\" data-e-type=\"widget\" data-widget_type=\"text-editor.default\">\n\t\t\t\t<div class=\"elementor-widget-container\">\n\t\t\t\t\t\t\t\t\t<p><\/p>\n<p><strong>Regulamin korzystania z systemu PNZ \u201ePorady na Zdrowie\u201d (dalej: \u201eRegulamin\u201d)<\/strong><\/p>\n<p><strong>\u00a7 1 [Informacje og\u00f3lne]<\/strong><\/p>\n<ol>\n<li>Celem dzia\u0142ania systemu PNZ \u201ePorady na Zdrowie\u201d (dalej: \u201eSystem\u201d lub \u201ePNZ\u201d) jest dostarczenie bezp\u0142atnych, anonimowych konsultacji z zakresu dietetyki oraz doboru \u017cywno\u015bci dla klient\u00f3w sieci POLOmarket (dalej: \u201eU\u017cytkownik\u201d). System ma na celu u\u0142atwienie dost\u0119pu do wsparcia z zakresu zdrowia, w tym porad dietetycznych i doboru \u017cywno\u015bci dostosowanych do stanu zdrowia, wieku, p\u0142ci itd.<\/li>\n<li>Organizatorem dzia\u0142ania Systemu <strong>PNZ \u201ePorady na Zdrowie\u201d&nbsp;<\/strong>jest &nbsp;Panmedicine Agency Sp. z o.o. z siedzib\u0105 we Wroc\u0142awiu, 53-508 przy ulicy Prostej 36.<\/li>\n<\/ol>\n<p><strong>\u00a7 2 [Spos\u00f3b korzystania z Systemu]<\/strong><\/p>\n<ol>\n<li>Konsultacje z zakresu dietetyki oraz doboru \u017cywno\u015bci udzielane s\u0105 w j\u0119zyku polskim, dla os\u00f3b znajduj\u0105cych si\u0119 na terytorium Polski.<\/li>\n<li>W ramach Systemu Uczestnik mo\u017ce skorzysta\u0107 z konsultacji telefonicznych, czatu, rozmowy wideo.<\/li>\n<li>Konsultacje telefoniczne, czat, rozmowy wideo w ramach Systemu prowadz\u0105 wy\u0142\u0105cznie specjali\u015bci z zakresu zdrowia (\u201eSpecjali\u015bci\u201d).<\/li>\n<li>Uczestnik mo\u017ce korzysta\u0107 z Systemu w dniach od poniedzia\u0142ku do pi\u0105tku w godzinach 9:00\u201317:00, z wy\u0142\u0105czeniem dni ustawowo wolnych od pracy, korzystaj\u0105c ze strony <a id=\"menur32f\" class=\"fui-Link ___1q1shib f2hkw1w f3rmtva f1ewtqcl fyind8e f1k6fduh f1w7gpdv fk6fouc fjoy568 figsok6 f1s184ao f1mk8lai fnbmjn9 f1o700av f13mvf36 f1cmlufx f9n3di6 f1ids18y f1tx3yz7 f1deo86v f1eh06m1 f1iescvh fhgqx19 f1olyrje f1p93eir f1nev41a f1h8hb77 f1lqvz6u f10aw75t fsle3fq f17ae5zn\" title=\"https:\/\/polomarket-poradynazdrowie.pl\/\" href=\"https:\/\/polomarket-poradynazdrowie.pl\" target=\"_blank\" rel=\"noreferrer noopener\" aria-label=\"Link www.polomarket-poradynazdrowie.pl\">www.polomarket-poradynazdrowie.pl<\/a>&nbsp; &nbsp; &nbsp; na kt\u00f3rej to Uczestnik \u0142\u0105czy si\u0119 przez dedykowany wid\u017cet z specjalist\u0105.<\/li>\n<li>Korzystanie z Systemu jest bezp\u0142atne. Organizator nie przewiduje maksymalnego czasu trwania konsultacji. Koszt po\u0142\u0105czenia telefonicznego jest zgodny z taryf\u0105 operatora.<\/li>\n<li>Uczestnik jest zobowi\u0105zany do zapewnienia we w\u0142asnym zakresie sprz\u0119tu niezb\u0119dnego do skorzystania z konsultacji w ramach Systemu.<\/li>\n<li>Mo\u017cliwo\u015b\u0107 odbycia konsultacji w danej godzinie dzia\u0142ania Systemu przez konkretnego Uczestnika zale\u017cna jest od liczby i d\u0142ugo\u015bci konsultacji innych Uczestnik\u00f3w korzystaj\u0105cych z Systemu.<\/li>\n<li>Konsultacje ze Specjalistami nie s\u0105 trwale utrwalane.<\/li>\n<li>Organizator zastrzega sobie prawo odmowy korzystania z Systemu przez Uczestnika, je\u015bli Specjalista uzna, \u017ce konsultacje z Uczestnikiem nie s\u0105 wystarczaj\u0105c\u0105 form\u0105 kontaktu w przypadku zg\u0142aszanego przez niego problemu.<\/li>\n<li>Konsultacje w ramach Systemu maj\u0105 charakter planowej porady specjalistycznej, ukierunkowanej na popraw\u0119, stylu \u017cycia i sposobu od\u017cywiania. Nie stanowi\u0105 \u015bwiadczenia pomocy dora\u017anej, lecz s\u0142u\u017c\u0105 profilaktyce zdrowotnej oraz kszta\u0142towaniu trwa\u0142ych, zdrowych nawyk\u00f3w \u017cywieniowych.<\/li>\n<li>Podczas udzielanej konsultacji Uczestnik nie ma mo\u017cliwo\u015bci zakupu produkt\u00f3w sieci POLOmarket. Zakup ewentualnych, zarekomendowanych produkt\u00f3w mo\u017ce odby\u0107 si\u0119 jedynie w sklepie stacjonarnym POLOmarket.<\/li>\n<\/ol>\n<p><strong>\u00a7 3 [Specjali\u015bci]<\/strong><\/p>\n<ol>\n<li>Wszystkich Specjalist\u00f3w podczas konsultacji obowi\u0105zuje tajemnica zawodowa.<\/li>\n<li>Specjali\u015bci w trakcie konsultacji s\u0105 zobowi\u0105zani do rzetelnej pracy, z nale\u017cyt\u0105 staranno\u015bci\u0105 i wykorzystaniem aktualnej wiedzy oraz do przestrzegania kodeks\u00f3w etycznych dotycz\u0105cych pracy specjalist\u00f3w z zakresu zdrowia oraz innych ustaw.<\/li>\n<li>Uczestnik nie ma mo\u017cliwo\u015bci wyboru Specjalisty.<\/li>\n<\/ol>\n<p><strong>\u00a7 4 [Dane osobowe]<\/strong><\/p>\n<ol>\n<li>Specjalista zachowa w tajemnicy wszelkie informacje uzyskane od Uczestnika w trakcie trwania konsultacji.<\/li>\n<li>Konsultacje odbywane w ramach Systemu maj\u0105 charakter anonimowy, dane osobowe nie s\u0105 zbierane ani gromadzone, za wyj\u0105tkiem sytuacji krytycznych, w kt\u00f3rych przepisy prawa nak\u0142ada\u0142yby inny obowi\u0105zek na Organizatora, w szczeg\u00f3lno\u015bci w przypadku uprawdopodobnionego zagro\u017cenia \u017cycia lub zdrowia Uczestnika (klienta), jak r\u00f3wnie\u017c w sytuacjach, kt\u00f3re mog\u0105 wynika\u0107 z katalogu czyn\u00f3w zabronionych. W przypadku konsultacji, je\u015bli specjalista zauwa\u017cy symptomy wskazuj\u0105ce na bezpo\u015brednie zagro\u017cenie \u017cycia lub zdrowia klienta (np. reakcje alergiczne, przedawkowanie, interakcje lek\u00f3w, ostre objawy zatrucia itp.), b\u0119dzie zobowi\u0105zany do podj\u0119cia dzia\u0142a\u0144 maj\u0105cych na celu ochron\u0119 zdrowia. Mo\u017ce to obejmowa\u0107, w zale\u017cno\u015bci od okoliczno\u015bci, przekazanie istotnych informacji s\u0142u\u017cbom medycznym, a tak\u017ce zalecenie pilnej konsultacji lekarskiej lub wezwanie pogotowia ratunkowego, je\u017celi zagro\u017cenie wymaga natychmiastowej interwencji medycznej.<\/li>\n<li>Szczeg\u00f3\u0142owe informacje na temat przetwarzania danych osobowych znajduj\u0105 si\u0119 w klauzuli informacyjnej, zgodzie na przetwarzanie danych osobowych oraz polityce prywatno\u015bci.<\/li>\n<\/ol>\n<p><strong>\u00a7 5 [Odpowiedzialno\u015b\u0107]<\/strong><\/p>\n<ol>\n<li>Organizator nie ponosi odpowiedzialno\u015bci za przerwy w \u015bwiadczeniu konsultacji z zakresu dietetyki oraz doboru \u017cywno\u015bci lub brak mo\u017cliwo\u015bci dost\u0119pu do wsparcia, z przyczyn technicznych, ani z innych przyczyn, kt\u00f3rych Organizator nie m\u00f3g\u0142 przewidzie\u0107.<\/li>\n<li>Je\u017celi zaplanowana konsultacja nie dojdzie do skutku z przyczyn le\u017c\u0105cych po stronie Organizatora lub od niego niezale\u017cnych, Organizator wyznaczy nowy termin konsultacji (powy\u017csze nie dotyczy sytuacji, gdy Uczestnik zrezygnuje z konsultacji). Z tego tytu\u0142u Uczestnikowi nie przys\u0142uguje \u017cadne roszczenie wobec Organizatora.<\/li>\n<\/ol>\n<p><strong>\u00a7 6 [Postanowienia ko\u0144cowe]<\/strong><\/p>\n<ol>\n<li>W celu wyja\u015bniania w\u0105tpliwo\u015bci w zakresie organizacji oraz dzia\u0142ania Systemu nale\u017cy kontaktowa\u0107 si\u0119 z Organizatorem pod adresem: Panmedicine Agency Sp. z o.o., ul. Prosta 35, 53-508 Wroc\u0142aw, nr telefonu 733&nbsp;902&nbsp;969.<\/li>\n<li>Organizator zastrzega sobie prawo zmiany postanowie\u0144 Regulaminu w razie zmiany przepis\u00f3w prawnych lub z innej wa\u017cnej przyczyny.<\/li>\n<li>Niniejszy Regulamin obowi\u0105zuje od dnia 1.07.2025 r.<\/li>\n<li>W sprawach nieuregulowanych w Regulaminie zastosowanie maj\u0105 przepisy prawa polskiego.<\/li>\n<\/ol>\t\t\t\t\t\t\t\t<\/div>\n\t\t\t\t<\/div>\n\t\t\t\t<\/div>\n\t\t\t\t<\/div>\n\t\t","protected":false},"excerpt":{"rendered":"<p>Regulamin korzystania z systemu PNZ \u201ePorady na Zdrowie\u201d (dalej: \u201eRegulamin\u201d) \u00a7 1 [Informacje og\u00f3lne] Celem dzia\u0142ania systemu PNZ \u201ePorady na Zdrowie\u201d (dalej: \u201eSystem\u201d lub \u201ePNZ\u201d) jest dostarczenie bezp\u0142atnych, anonimowych konsultacji z zakresu dietetyki oraz doboru \u017cywno\u015bci dla klient\u00f3w sieci POLOmarket (dalej: \u201eU\u017cytkownik\u201d). System ma na celu u\u0142atwienie dost\u0119pu do wsparcia z zakresu zdrowia, w tym [&hellip;]<\/p>\n","protected":false},"author":1,"featured_media":0,"parent":0,"menu_order":0,"comment_status":"closed","ping_status":"open","template":"","meta":{"footnotes":""},"class_list":["post-405","page","type-page","status-publish","hentry"],"yoast_head":"<!-- This site is optimized with the Yoast SEO plugin v27.4 - https:\/\/yoast.com\/product\/yoast-seo-wordpress\/ -->\n<title>Regulamin - Porady Na Zdrowie<\/title>\n<meta name=\"robots\" content=\"index, follow, max-snippet:-1, max-image-preview:large, max-video-preview:-1\" \/>\n<link rel=\"canonical\" href=\"https:\/\/polomarket-poradynazdrowie.pl\/index.php\/regulamin\/\" \/>\n<meta property=\"og:locale\" content=\"pl_PL\" \/>\n<meta property=\"og:type\" content=\"article\" \/>\n<meta property=\"og:title\" content=\"Regulamin - Porady Na Zdrowie\" \/>\n<meta property=\"og:description\" content=\"Regulamin korzystania z systemu PNZ \u201ePorady na Zdrowie\u201d (dalej: \u201eRegulamin\u201d) \u00a7 1 [Informacje og\u00f3lne] Celem dzia\u0142ania systemu PNZ \u201ePorady na Zdrowie\u201d (dalej: \u201eSystem\u201d lub \u201ePNZ\u201d) jest dostarczenie bezp\u0142atnych, anonimowych konsultacji z zakresu dietetyki oraz doboru \u017cywno\u015bci dla klient\u00f3w sieci POLOmarket (dalej: \u201eU\u017cytkownik\u201d). System ma na celu u\u0142atwienie dost\u0119pu do wsparcia z zakresu zdrowia, w tym [&hellip;]\" \/>\n<meta property=\"og:url\" content=\"https:\/\/polomarket-poradynazdrowie.pl\/index.php\/regulamin\/\" \/>\n<meta property=\"og:site_name\" content=\"Porady Na Zdrowie\" \/>\n<meta property=\"article:modified_time\" content=\"2025-06-24T09:45:14+00:00\" \/>\n<meta name=\"twitter:card\" content=\"summary_large_image\" \/>\n<meta name=\"twitter:label1\" content=\"Szacowany czas czytania\" \/>\n\t<meta name=\"twitter:data1\" content=\"5 minut\" \/>\n<script type=\"application\/ld+json\" class=\"yoast-schema-graph\">{\"@context\":\"https:\\\/\\\/schema.org\",\"@graph\":[{\"@type\":\"WebPage\",\"@id\":\"https:\\\/\\\/polomarket-poradynazdrowie.pl\\\/index.php\\\/regulamin\\\/\",\"url\":\"https:\\\/\\\/polomarket-poradynazdrowie.pl\\\/index.php\\\/regulamin\\\/\",\"name\":\"Regulamin - Porady Na Zdrowie\",\"isPartOf\":{\"@id\":\"https:\\\/\\\/polomarket-poradynazdrowie.pl\\\/#website\"},\"datePublished\":\"2025-06-20T13:44:34+00:00\",\"dateModified\":\"2025-06-24T09:45:14+00:00\",\"breadcrumb\":{\"@id\":\"https:\\\/\\\/polomarket-poradynazdrowie.pl\\\/index.php\\\/regulamin\\\/#breadcrumb\"},\"inLanguage\":\"pl-PL\",\"potentialAction\":[{\"@type\":\"ReadAction\",\"target\":[\"https:\\\/\\\/polomarket-poradynazdrowie.pl\\\/index.php\\\/regulamin\\\/\"]}]},{\"@type\":\"BreadcrumbList\",\"@id\":\"https:\\\/\\\/polomarket-poradynazdrowie.pl\\\/index.php\\\/regulamin\\\/#breadcrumb\",\"itemListElement\":[{\"@type\":\"ListItem\",\"position\":1,\"name\":\"Strona g\u0142\u00f3wna\",\"item\":\"https:\\\/\\\/polomarket-poradynazdrowie.pl\\\/\"},{\"@type\":\"ListItem\",\"position\":2,\"name\":\"Regulamin\"}]},{\"@type\":\"WebSite\",\"@id\":\"https:\\\/\\\/polomarket-poradynazdrowie.pl\\\/#website\",\"url\":\"https:\\\/\\\/polomarket-poradynazdrowie.pl\\\/\",\"name\":\"Porady Na Zdrowie\",\"description\":\"Porady Na Zdrowie\",\"potentialAction\":[{\"@type\":\"SearchAction\",\"target\":{\"@type\":\"EntryPoint\",\"urlTemplate\":\"https:\\\/\\\/polomarket-poradynazdrowie.pl\\\/?s={search_term_string}\"},\"query-input\":{\"@type\":\"PropertyValueSpecification\",\"valueRequired\":true,\"valueName\":\"search_term_string\"}}],\"inLanguage\":\"pl-PL\"}]}<\/script>\n<!-- \/ Yoast SEO plugin. -->","yoast_head_json":{"title":"Regulamin - Porady Na Zdrowie","robots":{"index":"index","follow":"follow","max-snippet":"max-snippet:-1","max-image-preview":"max-image-preview:large","max-video-preview":"max-video-preview:-1"},"canonical":"https:\/\/polomarket-poradynazdrowie.pl\/index.php\/regulamin\/","og_locale":"pl_PL","og_type":"article","og_title":"Regulamin - Porady Na Zdrowie","og_description":"Regulamin korzystania z systemu PNZ \u201ePorady na Zdrowie\u201d (dalej: \u201eRegulamin\u201d) \u00a7 1 [Informacje og\u00f3lne] Celem dzia\u0142ania systemu PNZ \u201ePorady na Zdrowie\u201d (dalej: \u201eSystem\u201d lub \u201ePNZ\u201d) jest dostarczenie bezp\u0142atnych, anonimowych konsultacji z zakresu dietetyki oraz doboru \u017cywno\u015bci dla klient\u00f3w sieci POLOmarket (dalej: \u201eU\u017cytkownik\u201d). System ma na celu u\u0142atwienie dost\u0119pu do wsparcia z zakresu zdrowia, w tym [&hellip;]","og_url":"https:\/\/polomarket-poradynazdrowie.pl\/index.php\/regulamin\/","og_site_name":"Porady Na Zdrowie","article_modified_time":"2025-06-24T09:45:14+00:00","twitter_card":"summary_large_image","twitter_misc":{"Szacowany czas czytania":"5 minut"},"schema":{"@context":"https:\/\/schema.org","@graph":[{"@type":"WebPage","@id":"https:\/\/polomarket-poradynazdrowie.pl\/index.php\/regulamin\/","url":"https:\/\/polomarket-poradynazdrowie.pl\/index.php\/regulamin\/","name":"Regulamin - Porady Na Zdrowie","isPartOf":{"@id":"https:\/\/polomarket-poradynazdrowie.pl\/#website"},"datePublished":"2025-06-20T13:44:34+00:00","dateModified":"2025-06-24T09:45:14+00:00","breadcrumb":{"@id":"https:\/\/polomarket-poradynazdrowie.pl\/index.php\/regulamin\/#breadcrumb"},"inLanguage":"pl-PL","potentialAction":[{"@type":"ReadAction","target":["https:\/\/polomarket-poradynazdrowie.pl\/index.php\/regulamin\/"]}]},{"@type":"BreadcrumbList","@id":"https:\/\/polomarket-poradynazdrowie.pl\/index.php\/regulamin\/#breadcrumb","itemListElement":[{"@type":"ListItem","position":1,"name":"Strona g\u0142\u00f3wna","item":"https:\/\/polomarket-poradynazdrowie.pl\/"},{"@type":"ListItem","position":2,"name":"Regulamin"}]},{"@type":"WebSite","@id":"https:\/\/polomarket-poradynazdrowie.pl\/#website","url":"https:\/\/polomarket-poradynazdrowie.pl\/","name":"Porady Na Zdrowie","description":"Porady Na Zdrowie","potentialAction":[{"@type":"SearchAction","target":{"@type":"EntryPoint","urlTemplate":"https:\/\/polomarket-poradynazdrowie.pl\/?s={search_term_string}"},"query-input":{"@type":"PropertyValueSpecification","valueRequired":true,"valueName":"search_term_string"}}],"inLanguage":"pl-PL"}]}},"_links":{"self":[{"href":"https:\/\/polomarket-poradynazdrowie.pl\/index.php\/wp-json\/wp\/v2\/pages\/405","targetHints":{"allow":["GET"]}}],"collection":[{"href":"https:\/\/polomarket-poradynazdrowie.pl\/index.php\/wp-json\/wp\/v2\/pages"}],"about":[{"href":"https:\/\/polomarket-poradynazdrowie.pl\/index.php\/wp-json\/wp\/v2\/types\/page"}],"author":[{"embeddable":true,"href":"https:\/\/polomarket-poradynazdrowie.pl\/index.php\/wp-json\/wp\/v2\/users\/1"}],"replies":[{"embeddable":true,"href":"https:\/\/polomarket-poradynazdrowie.pl\/index.php\/wp-json\/wp\/v2\/comments?post=405"}],"version-history":[{"count":11,"href":"https:\/\/polomarket-poradynazdrowie.pl\/index.php\/wp-json\/wp\/v2\/pages\/405\/revisions"}],"predecessor-version":[{"id":519,"href":"https:\/\/polomarket-poradynazdrowie.pl\/index.php\/wp-json\/wp\/v2\/pages\/405\/revisions\/519"}],"wp:attachment":[{"href":"https:\/\/polomarket-poradynazdrowie.pl\/index.php\/wp-json\/wp\/v2\/media?parent=405"}],"curies":[{"name":"wp","href":"https:\/\/api.w.org\/{rel}","templated":true}]}}