{"id":3,"date":"2025-05-28T13:15:17","date_gmt":"2025-05-28T13:15:17","guid":{"rendered":"https:\/\/polomarket-poradynazdrowie.pl\/?page_id=3"},"modified":"2025-06-24T09:44:06","modified_gmt":"2025-06-24T09:44:06","slug":"politykaprywatnosci","status":"publish","type":"page","link":"https:\/\/polomarket-poradynazdrowie.pl\/index.php\/politykaprywatnosci\/","title":{"rendered":"Polityka Prywatno\u015bci"},"content":{"rendered":"\t\t<div data-elementor-type=\"wp-page\" data-elementor-id=\"3\" class=\"elementor elementor-3\">\n\t\t\t\t<div class=\"elementor-element elementor-element-52da9dfe e-flex e-con-boxed e-con e-parent\" data-id=\"52da9dfe\" data-element_type=\"container\" data-e-type=\"container\">\n\t\t\t\t\t<div class=\"e-con-inner\">\n\t\t\t\t<div class=\"elementor-element elementor-element-1cfb1d14 elementor-widget__width-initial elementor-widget elementor-widget-text-editor\" data-id=\"1cfb1d14\" data-element_type=\"widget\" data-e-type=\"widget\" data-widget_type=\"text-editor.default\">\n\t\t\t\t<div class=\"elementor-widget-container\">\n\t\t\t\t\t\t\t\t\t\n<h1 class=\"wp-block-heading\"><span data-teams=\"true\"><strong>Polityka prywatno\u015bci<\/strong><\/span><\/h1>\n<p>Celem niniejszej Polityki Prywatno\u015bci jest wyja\u015bnienie zasad, na jakich\u00a0Panmedicine Agency Sp. z o.o. z siedzib\u0105 we Wroc\u0142awiu, 53-508 przy ulicy Prostej 36<strong>\u00a0<\/strong>\u00a0gromadzi, wykorzystuje i chroni Twoje dane osobowe, a tak\u017ce przedstawienie przys\u0142uguj\u0105cych Ci praw w zwi\u0105zku z przetwarzaniem przez Panmedicine podanych osobowych.<\/p>\n<p><strong>ADMINISTRATOR DANYCH OSOBOWYCH\u00a0<\/strong><br \/>Administratorem Twoich danych osobowych jest\u00a0Panmedicine Agency Sp. z o.o. z siedzib\u0105 we Wroc\u0142awiu, 53-508 przy ulicy Prostej 36.<\/p>\n<p><strong>INSPEKTOR OCHRONY DANYCH<\/strong><br \/>W przypadku pyta\u0144 dotycz\u0105cych przetwarzania Twoich danych osobowych, prosimy o kontakt z Inspektorem Ochrony Danych pod adresem e-mail: <span data-teams=\"true\"> <a id=\"menur1ah\" class=\"fui-Link ___1q1shib f2hkw1w f3rmtva f1ewtqcl fyind8e f1k6fduh f1w7gpdv fk6fouc fjoy568 figsok6 f1s184ao f1mk8lai fnbmjn9 f1o700av f13mvf36 f1cmlufx f9n3di6 f1ids18y f1tx3yz7 f1deo86v f1eh06m1 f1iescvh fhgqx19 f1olyrje f1p93eir f1nev41a f1h8hb77 f1lqvz6u f10aw75t fsle3fq f17ae5zn\" title=\"mailto:iod@panmedicine.pl\" href=\"mailto:iod@panmedicine.pl\" target=\"_blank\" rel=\"noreferrer noopener\" aria-label=\"Link iod@panmedicine.pl\">iod@panmedicine.pl<\/a> <\/span><\/p>\n<p><strong>PODSTAWA I CEL PRZETWARZANIA DANYCH<\/strong><br \/>Informujemy, \u017ce Twoje dane osobowe b\u0119d\u0105 przetwarzane w celu \u015bwiadczenia porad z zakresu dietetyki oraz doboru \u017cywno\u015bci, udzielanych przez specjalist\u00f3w z zakresu zdrowia za po\u015brednictwem wid\u017cetu. na stronie <a id=\"menur32a\" class=\"fui-Link ___1q1shib f2hkw1w f3rmtva f1ewtqcl fyind8e f1k6fduh f1w7gpdv fk6fouc fjoy568 figsok6 f1s184ao f1mk8lai fnbmjn9 f1o700av f13mvf36 f1cmlufx f9n3di6 f1ids18y f1tx3yz7 f1deo86v f1eh06m1 f1iescvh fhgqx19 f1olyrje f1p93eir f1nev41a f1h8hb77 f1lqvz6u f10aw75t fsle3fq f17ae5zn\" title=\"https:\/\/polomarket-poradynazdrowie.pl\/\" href=\"https:\/\/polomarket-poradynazdrowie.pl\" target=\"_blank\" rel=\"noreferrer noopener\" aria-label=\"Link www.polomarket-poradynazdrowie.pl\">www.polomarket-poradynazdrowie.pl<\/a> . Administrator dzia\u0142a na podstawie:<\/p>\n<ul>\n<li>Art. 6 ust. 1 lit. a RODO \u2013 zgoda osoby, kt\u00f3rej dane dotycz\u0105.<\/li>\n<li>Art. 9 ust. 2 lit. a RODO \u2013 wyra\u017ana zgoda osoby, kt\u00f3rej dane dotycz\u0105 w zwi\u0105zku z przetwarzaniem danych szczeg\u00f3lnych kategorii<\/li>\n<\/ul>\n<p><strong>ZAKRES PRZETWARZANYCH DANYCH<\/strong><\/p>\n<ul>\n<li>Numer telefonu<\/li>\n<li>Imi\u0119<\/li>\n<li>Adres e-mail<\/li>\n<li>informacje przekazane podczas konsultacji, mog\u0105ce dotyczy\u0107 stanu zdrowia, stylu \u017cycia, objaw\u00f3w, itp.<\/li>\n<\/ul>\n<p><strong>OKRES PRZETWARZANIA DANYCH<\/strong><br \/>Twoje dane osobowe b\u0119d\u0105 przetwarzane przez okres niezb\u0119dny do realizacji cel\u00f3w przetwarzania, a tak\u017ce przez okres wymagany przepisami prawa dotycz\u0105cymi przechowywania dokumentacji farmaceutycznej.<\/p>\n<p><strong>DOBROWOLNO\u015a\u0106 PODANIA DANYCH I KONSEKWENCJE ICH NIEPODANIA<\/strong><\/p>\n<p>Podanie danych osobowych jest dobrowolne, jednak ich niepodanie uniemo\u017cliwi \u015bwiadczenie us\u0142ugi.<\/p>\n<p><strong>PRZYS\u0141UGUJ\u0104CE PRAWA<\/strong><br \/>Masz prawo do:<\/p>\n<ul>\n<li>\u017c\u0105dania dost\u0119pu do swoich danych osobowych,<\/li>\n<li>ich sprostowania, usuni\u0119cia lub ograniczenia przetwarzania,<\/li>\n<li>cofni\u0119cia zgody na przetwarzanie Twoich danych osobowych (prawo do sprzeciwu)<\/li>\n<li>wniesienia sprzeciwu wobec przetwarzania Twoich danych osobowych,<\/li>\n<li>przenoszenia Twoich danych osobowych,<\/li>\n<li>wniesienia skargi do organu nadzorczego.<\/li>\n<\/ul>\n<p><strong>ODBIORCY DANYCH<\/strong><br \/>Odbiorcami Twoich danych mog\u0105 by\u0107 upowa\u017cnieni pracownicy Administratora oraz podmioty wsp\u00f3\u0142pracuj\u0105ce z Administratorem, w tym podmioty \u015bwiadcz\u0105ce us\u0142ugi w zakresie IT, na podstawie umowy powierzenia przetwarzania danych.<\/p>\n<p><strong>PROFILOWANIE<\/strong><br \/>Administrator nie podejmuje decyzji, kt\u00f3re maj\u0105 skutek prawny dla Ciebie lub kt\u00f3re wp\u0142ywaj\u0105 na Ciebie w spos\u00f3b podobny, w tym decyzji wynikaj\u0105cych z profilowania.<\/p>\t\t\t\t\t\t\t\t<\/div>\n\t\t\t\t<\/div>\n\t\t\t\t\t<\/div>\n\t\t\t\t<\/div>\n\t\t\t\t<\/div>\n\t\t","protected":false},"excerpt":{"rendered":"<p>Polityka prywatno\u015bci Celem niniejszej Polityki Prywatno\u015bci jest wyja\u015bnienie zasad, na jakich\u00a0Panmedicine Agency Sp. z o.o. z siedzib\u0105 we Wroc\u0142awiu, 53-508 przy ulicy Prostej 36\u00a0\u00a0gromadzi, wykorzystuje i chroni Twoje dane osobowe, a tak\u017ce przedstawienie przys\u0142uguj\u0105cych Ci praw w zwi\u0105zku z przetwarzaniem przez Panmedicine podanych osobowych. ADMINISTRATOR DANYCH OSOBOWYCH\u00a0Administratorem Twoich danych osobowych jest\u00a0Panmedicine Agency Sp. z o.o. [&hellip;]<\/p>\n","protected":false},"author":1,"featured_media":0,"parent":0,"menu_order":0,"comment_status":"closed","ping_status":"open","template":"","meta":{"footnotes":""},"class_list":["post-3","page","type-page","status-publish","hentry"],"yoast_head":"<!-- This site is optimized with the Yoast SEO plugin v27.4 - https:\/\/yoast.com\/product\/yoast-seo-wordpress\/ -->\n<title>Polityka Prywatno\u015bci - Porady Na Zdrowie<\/title>\n<meta name=\"robots\" content=\"index, follow, max-snippet:-1, max-image-preview:large, max-video-preview:-1\" \/>\n<link rel=\"canonical\" href=\"https:\/\/polomarket-poradynazdrowie.pl\/index.php\/politykaprywatnosci\/\" \/>\n<meta property=\"og:locale\" content=\"pl_PL\" \/>\n<meta property=\"og:type\" content=\"article\" \/>\n<meta property=\"og:title\" content=\"Polityka Prywatno\u015bci - Porady Na Zdrowie\" \/>\n<meta property=\"og:description\" content=\"Polityka prywatno\u015bci Celem niniejszej Polityki Prywatno\u015bci jest wyja\u015bnienie zasad, na jakich\u00a0Panmedicine Agency Sp. z o.o. z siedzib\u0105 we Wroc\u0142awiu, 53-508 przy ulicy Prostej 36\u00a0\u00a0gromadzi, wykorzystuje i chroni Twoje dane osobowe, a tak\u017ce przedstawienie przys\u0142uguj\u0105cych Ci praw w zwi\u0105zku z przetwarzaniem przez Panmedicine podanych osobowych. ADMINISTRATOR DANYCH OSOBOWYCH\u00a0Administratorem Twoich danych osobowych jest\u00a0Panmedicine Agency Sp. z o.o. [&hellip;]\" \/>\n<meta property=\"og:url\" content=\"https:\/\/polomarket-poradynazdrowie.pl\/index.php\/politykaprywatnosci\/\" \/>\n<meta property=\"og:site_name\" content=\"Porady Na Zdrowie\" \/>\n<meta property=\"article:modified_time\" content=\"2025-06-24T09:44:06+00:00\" \/>\n<meta name=\"twitter:card\" content=\"summary_large_image\" \/>\n<meta name=\"twitter:label1\" content=\"Szacowany czas czytania\" \/>\n\t<meta name=\"twitter:data1\" content=\"2 minuty\" \/>\n<script type=\"application\/ld+json\" class=\"yoast-schema-graph\">{\"@context\":\"https:\\\/\\\/schema.org\",\"@graph\":[{\"@type\":\"WebPage\",\"@id\":\"https:\\\/\\\/polomarket-poradynazdrowie.pl\\\/index.php\\\/politykaprywatnosci\\\/\",\"url\":\"https:\\\/\\\/polomarket-poradynazdrowie.pl\\\/index.php\\\/politykaprywatnosci\\\/\",\"name\":\"Polityka Prywatno\u015bci - Porady Na Zdrowie\",\"isPartOf\":{\"@id\":\"https:\\\/\\\/polomarket-poradynazdrowie.pl\\\/#website\"},\"datePublished\":\"2025-05-28T13:15:17+00:00\",\"dateModified\":\"2025-06-24T09:44:06+00:00\",\"breadcrumb\":{\"@id\":\"https:\\\/\\\/polomarket-poradynazdrowie.pl\\\/index.php\\\/politykaprywatnosci\\\/#breadcrumb\"},\"inLanguage\":\"pl-PL\",\"potentialAction\":[{\"@type\":\"ReadAction\",\"target\":[\"https:\\\/\\\/polomarket-poradynazdrowie.pl\\\/index.php\\\/politykaprywatnosci\\\/\"]}]},{\"@type\":\"BreadcrumbList\",\"@id\":\"https:\\\/\\\/polomarket-poradynazdrowie.pl\\\/index.php\\\/politykaprywatnosci\\\/#breadcrumb\",\"itemListElement\":[{\"@type\":\"ListItem\",\"position\":1,\"name\":\"Strona g\u0142\u00f3wna\",\"item\":\"https:\\\/\\\/polomarket-poradynazdrowie.pl\\\/\"},{\"@type\":\"ListItem\",\"position\":2,\"name\":\"Polityka Prywatno\u015bci\"}]},{\"@type\":\"WebSite\",\"@id\":\"https:\\\/\\\/polomarket-poradynazdrowie.pl\\\/#website\",\"url\":\"https:\\\/\\\/polomarket-poradynazdrowie.pl\\\/\",\"name\":\"Porady Na Zdrowie\",\"description\":\"Porady Na Zdrowie\",\"potentialAction\":[{\"@type\":\"SearchAction\",\"target\":{\"@type\":\"EntryPoint\",\"urlTemplate\":\"https:\\\/\\\/polomarket-poradynazdrowie.pl\\\/?s={search_term_string}\"},\"query-input\":{\"@type\":\"PropertyValueSpecification\",\"valueRequired\":true,\"valueName\":\"search_term_string\"}}],\"inLanguage\":\"pl-PL\"}]}<\/script>\n<!-- \/ Yoast SEO plugin. -->","yoast_head_json":{"title":"Polityka Prywatno\u015bci - Porady Na Zdrowie","robots":{"index":"index","follow":"follow","max-snippet":"max-snippet:-1","max-image-preview":"max-image-preview:large","max-video-preview":"max-video-preview:-1"},"canonical":"https:\/\/polomarket-poradynazdrowie.pl\/index.php\/politykaprywatnosci\/","og_locale":"pl_PL","og_type":"article","og_title":"Polityka Prywatno\u015bci - Porady Na Zdrowie","og_description":"Polityka prywatno\u015bci Celem niniejszej Polityki Prywatno\u015bci jest wyja\u015bnienie zasad, na jakich\u00a0Panmedicine Agency Sp. z o.o. z siedzib\u0105 we Wroc\u0142awiu, 53-508 przy ulicy Prostej 36\u00a0\u00a0gromadzi, wykorzystuje i chroni Twoje dane osobowe, a tak\u017ce przedstawienie przys\u0142uguj\u0105cych Ci praw w zwi\u0105zku z przetwarzaniem przez Panmedicine podanych osobowych. ADMINISTRATOR DANYCH OSOBOWYCH\u00a0Administratorem Twoich danych osobowych jest\u00a0Panmedicine Agency Sp. z o.o. [&hellip;]","og_url":"https:\/\/polomarket-poradynazdrowie.pl\/index.php\/politykaprywatnosci\/","og_site_name":"Porady Na Zdrowie","article_modified_time":"2025-06-24T09:44:06+00:00","twitter_card":"summary_large_image","twitter_misc":{"Szacowany czas czytania":"2 minuty"},"schema":{"@context":"https:\/\/schema.org","@graph":[{"@type":"WebPage","@id":"https:\/\/polomarket-poradynazdrowie.pl\/index.php\/politykaprywatnosci\/","url":"https:\/\/polomarket-poradynazdrowie.pl\/index.php\/politykaprywatnosci\/","name":"Polityka Prywatno\u015bci - Porady Na Zdrowie","isPartOf":{"@id":"https:\/\/polomarket-poradynazdrowie.pl\/#website"},"datePublished":"2025-05-28T13:15:17+00:00","dateModified":"2025-06-24T09:44:06+00:00","breadcrumb":{"@id":"https:\/\/polomarket-poradynazdrowie.pl\/index.php\/politykaprywatnosci\/#breadcrumb"},"inLanguage":"pl-PL","potentialAction":[{"@type":"ReadAction","target":["https:\/\/polomarket-poradynazdrowie.pl\/index.php\/politykaprywatnosci\/"]}]},{"@type":"BreadcrumbList","@id":"https:\/\/polomarket-poradynazdrowie.pl\/index.php\/politykaprywatnosci\/#breadcrumb","itemListElement":[{"@type":"ListItem","position":1,"name":"Strona g\u0142\u00f3wna","item":"https:\/\/polomarket-poradynazdrowie.pl\/"},{"@type":"ListItem","position":2,"name":"Polityka Prywatno\u015bci"}]},{"@type":"WebSite","@id":"https:\/\/polomarket-poradynazdrowie.pl\/#website","url":"https:\/\/polomarket-poradynazdrowie.pl\/","name":"Porady Na Zdrowie","description":"Porady Na Zdrowie","potentialAction":[{"@type":"SearchAction","target":{"@type":"EntryPoint","urlTemplate":"https:\/\/polomarket-poradynazdrowie.pl\/?s={search_term_string}"},"query-input":{"@type":"PropertyValueSpecification","valueRequired":true,"valueName":"search_term_string"}}],"inLanguage":"pl-PL"}]}},"_links":{"self":[{"href":"https:\/\/polomarket-poradynazdrowie.pl\/index.php\/wp-json\/wp\/v2\/pages\/3","targetHints":{"allow":["GET"]}}],"collection":[{"href":"https:\/\/polomarket-poradynazdrowie.pl\/index.php\/wp-json\/wp\/v2\/pages"}],"about":[{"href":"https:\/\/polomarket-poradynazdrowie.pl\/index.php\/wp-json\/wp\/v2\/types\/page"}],"author":[{"embeddable":true,"href":"https:\/\/polomarket-poradynazdrowie.pl\/index.php\/wp-json\/wp\/v2\/users\/1"}],"replies":[{"embeddable":true,"href":"https:\/\/polomarket-poradynazdrowie.pl\/index.php\/wp-json\/wp\/v2\/comments?post=3"}],"version-history":[{"count":12,"href":"https:\/\/polomarket-poradynazdrowie.pl\/index.php\/wp-json\/wp\/v2\/pages\/3\/revisions"}],"predecessor-version":[{"id":516,"href":"https:\/\/polomarket-poradynazdrowie.pl\/index.php\/wp-json\/wp\/v2\/pages\/3\/revisions\/516"}],"wp:attachment":[{"href":"https:\/\/polomarket-poradynazdrowie.pl\/index.php\/wp-json\/wp\/v2\/media?parent=3"}],"curies":[{"name":"wp","href":"https:\/\/api.w.org\/{rel}","templated":true}]}}